{"id":12,"date":"2014-11-06T21:17:10","date_gmt":"2014-11-06T21:17:10","guid":{"rendered":"http:\/\/www.hsce.com.br\/?page_id=12"},"modified":"2026-03-16T14:31:02","modified_gmt":"2026-03-16T14:31:02","slug":"empresa","status":"publish","type":"page","link":"https:\/\/www.hsce.com.br\/en\/empresa\/","title":{"rendered":"Enterprise"},"content":{"rendered":"<p>Hands-On Solutions is a consulting and advisory company specialized in implementing full service solutions, processes and mechanisms that make the day-to-day running of companies more dynamic and generate added value for shareholders.<\/p>\n<div style=\"position: absolute; left: -10077px;\">\n<p>Muitos apostadores procuram formas inteligentes de aumentar ganhos no <a href=\"https:\/\/aviatordreamliner.com\/pt\/\">jogo aviator<\/a> porque este crash proporciona multiplicadores altos e decis\u00f5es r\u00e1pidas durante a subida do avi\u00e3ozinho em cada rodada emocionante com potencial para lucros expressivos quando se retira no momento certo.<\/p>\n<\/div>\n<p>The adoption and implementation of the solutions and suggestions identified in the performance of our services has brought countless benefits to our clients, including:<\/p>\n<ul>\n<li>\u201cHands-on\u201d professionals at all stages of the project, greatly optimizing the involvement of our clients\u2019 teams;<\/li>\n<li>Reduction of tax and financial costs, aiming at generating cash for the company;<\/li>\n<li>Obtaining management information and data in a standardized manner, with appropriate quality and metrics and in a timely manner for decision-making;<\/li>\n<li>Reduction\/elimination of contingencies and operational risks;<\/li>\n<li>Use of all management, tax and systemic tools applicable to the technical and cultural reality of our clients, focusing on the implementation and training of our clients&#039; team of employees \u2013 knowledge management and self-sustainability;<\/li>\n<\/ul>","protected":false},"excerpt":{"rendered":"<p>A Hands-On Solutions \u00e9 uma empresa de consultoria e assessoria especializada na implanta\u00e7\u00e3o de solu\u00e7\u00f5es full service, processos e mecanismos que venham tornar o dia a dia das empresas mais din\u00e2mico e gerar valor agregado aos acionistas. Muitos apostadores procuram formas inteligentes de aumentar ganhos no jogo aviator porque este crash proporciona multiplicadores altos e [&hellip;]<\/p>","protected":false},"author":1,"featured_media":675,"parent":0,"menu_order":0,"comment_status":"open","ping_status":"open","template":"templates\/empresa.php","meta":{"_monsterinsights_skip_tracking":false,"_monsterinsights_sitenote_active":false,"_monsterinsights_sitenote_note":"","_monsterinsights_sitenote_category":0,"footnotes":""},"class_list":["post-12","page","type-page","status-publish","has-post-thumbnail","hentry"],"yoast_head":"<!-- This site is optimized with the Yoast SEO plugin v27.2 - https:\/\/yoast.com\/product\/yoast-seo-wordpress\/ -->\n<title>Empresa - Hands on Solutions<\/title>\n<meta name=\"robots\" content=\"index, follow, max-snippet:-1, max-image-preview:large, max-video-preview:-1\" \/>\n<link rel=\"canonical\" href=\"https:\/\/www.hsce.com.br\/en\/empresa\/\" \/>\n<meta property=\"og:locale\" content=\"en_US\" \/>\n<meta property=\"og:type\" content=\"article\" \/>\n<meta property=\"og:title\" content=\"Empresa - Hands on Solutions\" \/>\n<meta property=\"og:description\" content=\"A Hands-On Solutions \u00e9 uma empresa de consultoria e assessoria especializada na implanta\u00e7\u00e3o de solu\u00e7\u00f5es full service, processos e mecanismos que venham tornar o dia a dia das empresas mais din\u00e2mico e gerar valor agregado aos acionistas. Muitos apostadores procuram formas inteligentes de aumentar ganhos no jogo aviator porque este crash proporciona multiplicadores altos e [&hellip;]\" \/>\n<meta property=\"og:url\" content=\"https:\/\/www.hsce.com.br\/en\/empresa\/\" \/>\n<meta property=\"og:site_name\" content=\"Hands on Solutions\" \/>\n<meta property=\"article:modified_time\" content=\"2026-03-16T14:31:02+00:00\" \/>\n<meta property=\"og:image\" content=\"https:\/\/www.hsce.com.br\/wp-content\/uploads\/2021\/05\/banner-empresa-1.jpg\" \/>\n\t<meta property=\"og:image:width\" content=\"1920\" \/>\n\t<meta property=\"og:image:height\" content=\"347\" \/>\n\t<meta property=\"og:image:type\" content=\"image\/jpeg\" \/>\n<meta name=\"twitter:label1\" content=\"Est. reading time\" \/>\n\t<meta name=\"twitter:data1\" content=\"2 minutes\" \/>\n<script type=\"application\/ld+json\" class=\"yoast-schema-graph\">{\"@context\":\"https:\/\/schema.org\",\"@graph\":[{\"@type\":\"WebPage\",\"@id\":\"https:\/\/www.hsce.com.br\/empresa\/\",\"url\":\"https:\/\/www.hsce.com.br\/empresa\/\",\"name\":\"Empresa - Hands on Solutions\",\"isPartOf\":{\"@id\":\"https:\/\/www.hsce.com.br\/#website\"},\"primaryImageOfPage\":{\"@id\":\"https:\/\/www.hsce.com.br\/empresa\/#primaryimage\"},\"image\":{\"@id\":\"https:\/\/www.hsce.com.br\/empresa\/#primaryimage\"},\"thumbnailUrl\":\"https:\/\/www.hsce.com.br\/wp-content\/uploads\/2021\/05\/banner-empresa-1.jpg\",\"datePublished\":\"2014-11-06T21:17:10+00:00\",\"dateModified\":\"2026-03-16T14:31:02+00:00\",\"breadcrumb\":{\"@id\":\"https:\/\/www.hsce.com.br\/empresa\/#breadcrumb\"},\"inLanguage\":\"en-US\",\"potentialAction\":[{\"@type\":\"ReadAction\",\"target\":[\"https:\/\/www.hsce.com.br\/empresa\/\"]}]},{\"@type\":\"ImageObject\",\"inLanguage\":\"en-US\",\"@id\":\"https:\/\/www.hsce.com.br\/empresa\/#primaryimage\",\"url\":\"https:\/\/www.hsce.com.br\/wp-content\/uploads\/2021\/05\/banner-empresa-1.jpg\",\"contentUrl\":\"https:\/\/www.hsce.com.br\/wp-content\/uploads\/2021\/05\/banner-empresa-1.jpg\",\"width\":1920,\"height\":347},{\"@type\":\"BreadcrumbList\",\"@id\":\"https:\/\/www.hsce.com.br\/empresa\/#breadcrumb\",\"itemListElement\":[{\"@type\":\"ListItem\",\"position\":1,\"name\":\"In\u00edcio\",\"item\":\"https:\/\/www.hsce.com.br\/\"},{\"@type\":\"ListItem\",\"position\":2,\"name\":\"Empresa\"}]},{\"@type\":\"WebSite\",\"@id\":\"https:\/\/www.hsce.com.br\/#website\",\"url\":\"https:\/\/www.hsce.com.br\/\",\"name\":\"Hands on Solutions\",\"description\":\"\",\"publisher\":{\"@id\":\"https:\/\/www.hsce.com.br\/#organization\"},\"potentialAction\":[{\"@type\":\"SearchAction\",\"target\":{\"@type\":\"EntryPoint\",\"urlTemplate\":\"https:\/\/www.hsce.com.br\/?s={search_term_string}\"},\"query-input\":{\"@type\":\"PropertyValueSpecification\",\"valueRequired\":true,\"valueName\":\"search_term_string\"}}],\"inLanguage\":\"en-US\"},{\"@type\":\"Organization\",\"@id\":\"https:\/\/www.hsce.com.br\/#organization\",\"name\":\"Hands on Solutions\",\"url\":\"https:\/\/www.hsce.com.br\/\",\"logo\":{\"@type\":\"ImageObject\",\"inLanguage\":\"en-US\",\"@id\":\"https:\/\/www.hsce.com.br\/#\/schema\/logo\/image\/\",\"url\":\"https:\/\/www.hsce.com.br\/wp-content\/uploads\/2015\/09\/handson.png\",\"contentUrl\":\"https:\/\/www.hsce.com.br\/wp-content\/uploads\/2015\/09\/handson.png\",\"width\":230,\"height\":68,\"caption\":\"Hands on Solutions\"},\"image\":{\"@id\":\"https:\/\/www.hsce.com.br\/#\/schema\/logo\/image\/\"},\"sameAs\":[\"https:\/\/www.linkedin.com\/company\/hsce-ltda?trk=company_logo\"]}]}<\/script>\n<!-- \/ Yoast SEO plugin. -->","yoast_head_json":{"title":"Empresa - Hands on Solutions","robots":{"index":"index","follow":"follow","max-snippet":"max-snippet:-1","max-image-preview":"max-image-preview:large","max-video-preview":"max-video-preview:-1"},"canonical":"https:\/\/www.hsce.com.br\/en\/empresa\/","og_locale":"en_US","og_type":"article","og_title":"Empresa - Hands on Solutions","og_description":"A Hands-On Solutions \u00e9 uma empresa de consultoria e assessoria especializada na implanta\u00e7\u00e3o de solu\u00e7\u00f5es full service, processos e mecanismos que venham tornar o dia a dia das empresas mais din\u00e2mico e gerar valor agregado aos acionistas. Muitos apostadores procuram formas inteligentes de aumentar ganhos no jogo aviator porque este crash proporciona multiplicadores altos e [&hellip;]","og_url":"https:\/\/www.hsce.com.br\/en\/empresa\/","og_site_name":"Hands on Solutions","article_modified_time":"2026-03-16T14:31:02+00:00","og_image":[{"width":1920,"height":347,"url":"https:\/\/www.hsce.com.br\/wp-content\/uploads\/2021\/05\/banner-empresa-1.jpg","type":"image\/jpeg"}],"twitter_misc":{"Est. reading time":"2 minutes"},"schema":{"@context":"https:\/\/schema.org","@graph":[{"@type":"WebPage","@id":"https:\/\/www.hsce.com.br\/empresa\/","url":"https:\/\/www.hsce.com.br\/empresa\/","name":"Empresa - Hands on Solutions","isPartOf":{"@id":"https:\/\/www.hsce.com.br\/#website"},"primaryImageOfPage":{"@id":"https:\/\/www.hsce.com.br\/empresa\/#primaryimage"},"image":{"@id":"https:\/\/www.hsce.com.br\/empresa\/#primaryimage"},"thumbnailUrl":"https:\/\/www.hsce.com.br\/wp-content\/uploads\/2021\/05\/banner-empresa-1.jpg","datePublished":"2014-11-06T21:17:10+00:00","dateModified":"2026-03-16T14:31:02+00:00","breadcrumb":{"@id":"https:\/\/www.hsce.com.br\/empresa\/#breadcrumb"},"inLanguage":"en-US","potentialAction":[{"@type":"ReadAction","target":["https:\/\/www.hsce.com.br\/empresa\/"]}]},{"@type":"ImageObject","inLanguage":"en-US","@id":"https:\/\/www.hsce.com.br\/empresa\/#primaryimage","url":"https:\/\/www.hsce.com.br\/wp-content\/uploads\/2021\/05\/banner-empresa-1.jpg","contentUrl":"https:\/\/www.hsce.com.br\/wp-content\/uploads\/2021\/05\/banner-empresa-1.jpg","width":1920,"height":347},{"@type":"BreadcrumbList","@id":"https:\/\/www.hsce.com.br\/empresa\/#breadcrumb","itemListElement":[{"@type":"ListItem","position":1,"name":"In\u00edcio","item":"https:\/\/www.hsce.com.br\/"},{"@type":"ListItem","position":2,"name":"Empresa"}]},{"@type":"WebSite","@id":"https:\/\/www.hsce.com.br\/#website","url":"https:\/\/www.hsce.com.br\/","name":"Hands on Solutions","description":"","publisher":{"@id":"https:\/\/www.hsce.com.br\/#organization"},"potentialAction":[{"@type":"SearchAction","target":{"@type":"EntryPoint","urlTemplate":"https:\/\/www.hsce.com.br\/?s={search_term_string}"},"query-input":{"@type":"PropertyValueSpecification","valueRequired":true,"valueName":"search_term_string"}}],"inLanguage":"en-US"},{"@type":"Organization","@id":"https:\/\/www.hsce.com.br\/#organization","name":"Hands on Solutions","url":"https:\/\/www.hsce.com.br\/","logo":{"@type":"ImageObject","inLanguage":"en-US","@id":"https:\/\/www.hsce.com.br\/#\/schema\/logo\/image\/","url":"https:\/\/www.hsce.com.br\/wp-content\/uploads\/2015\/09\/handson.png","contentUrl":"https:\/\/www.hsce.com.br\/wp-content\/uploads\/2015\/09\/handson.png","width":230,"height":68,"caption":"Hands on Solutions"},"image":{"@id":"https:\/\/www.hsce.com.br\/#\/schema\/logo\/image\/"},"sameAs":["https:\/\/www.linkedin.com\/company\/hsce-ltda?trk=company_logo"]}]}},"_links":{"self":[{"href":"https:\/\/www.hsce.com.br\/en\/wp-json\/wp\/v2\/pages\/12","targetHints":{"allow":["GET"]}}],"collection":[{"href":"https:\/\/www.hsce.com.br\/en\/wp-json\/wp\/v2\/pages"}],"about":[{"href":"https:\/\/www.hsce.com.br\/en\/wp-json\/wp\/v2\/types\/page"}],"author":[{"embeddable":true,"href":"https:\/\/www.hsce.com.br\/en\/wp-json\/wp\/v2\/users\/1"}],"replies":[{"embeddable":true,"href":"https:\/\/www.hsce.com.br\/en\/wp-json\/wp\/v2\/comments?post=12"}],"version-history":[{"count":13,"href":"https:\/\/www.hsce.com.br\/en\/wp-json\/wp\/v2\/pages\/12\/revisions"}],"predecessor-version":[{"id":2002,"href":"https:\/\/www.hsce.com.br\/en\/wp-json\/wp\/v2\/pages\/12\/revisions\/2002"}],"wp:featuredmedia":[{"embeddable":true,"href":"https:\/\/www.hsce.com.br\/en\/wp-json\/wp\/v2\/media\/675"}],"wp:attachment":[{"href":"https:\/\/www.hsce.com.br\/en\/wp-json\/wp\/v2\/media?parent=12"}],"curies":[{"name":"wp","href":"https:\/\/api.w.org\/{rel}","templated":true}]}}